{"id":1991,"date":"2023-11-29T12:53:44","date_gmt":"2023-11-29T17:53:44","guid":{"rendered":"https:\/\/centrehyperbare.com\/notre-clinique\/disclaimer-statement\/"},"modified":"2023-12-05T14:09:04","modified_gmt":"2023-12-05T19:09:04","slug":"avertissement","status":"publish","type":"page","link":"https:\/\/centrehyperbare.com\/fr\/notre-clinique\/avertissement\/","title":{"rendered":"Avertissement"},"content":{"rendered":"<div class=\"wpb-content-wrapper\">[vc_row][vc_column]<h1 class=\"vcex-module vcex-heading vcex-heading-plain sp-page-title\"><span class=\"vcex-heading-inner clr\">Avertissement<\/span><\/h1>[vc_column_text]Avertissement : Les informations pr\u00e9sent\u00e9es sur le site web du Centre Hyperbare de l\u2019\u00cele sont destin\u00e9es \u00e0 des fins \u00e9ducatives uniquement. Elles ne doivent pas \u00eatre consid\u00e9r\u00e9es comme un substitut \u00e0 un avis m\u00e9dical professionnel, \u00e0 un diagnostic ou \u00e0 un traitement. Le contenu fourni sur ce site web ne doit pas \u00eatre interpr\u00e9t\u00e9 comme un avis m\u00e9dical ou utilis\u00e9 \u00e0 la place d\u2019une consultation avec des professionnels de la sant\u00e9 qualifi\u00e9s.<\/p>\n<p>Bien que nous nous efforcions de fournir des informations pr\u00e9cises et \u00e0 jour, le Centre Hyperbare de l\u2019\u00cele ne fait aucune d\u00e9claration ou garantie, explicite ou implicite, quant \u00e0 l\u2019exhaustivit\u00e9, l\u2019exactitude, la fiabilit\u00e9, la pertinence ou la disponibilit\u00e9 des informations contenues sur ce site web. Toute confiance que vous accordez \u00e0 de telles informations est donc strictement \u00e0 vos propres risques.<\/p>\n<p>Le Centre Hyperbare de l\u2019\u00cele n\u2019est pas responsable des erreurs ou omissions dans les informations fournies sur ce site web, ni des actions entreprises sur la base des informations pr\u00e9sent\u00e9es. Nous vous recommandons de consulter un professionnel de la sant\u00e9 qualifi\u00e9 pour obtenir des conseils m\u00e9dicaux personnalis\u00e9s et des options de traitement.<\/p>\n<p>Le Centre Hyperbare de l\u2019\u00cele n\u2019approuve ni ne recommande aucun traitement, produit, proc\u00e9dure, opinion ou autre information mentionn\u00e9e sur ce site web ou li\u00e9e \u00e0 partir de ce site web. Toute confiance accord\u00e9e \u00e0 de telles informations rel\u00e8ve uniquement de votre propre discr\u00e9tion.<\/p>\n<p>En aucun cas, le Centre Hyperbare de l\u2019\u00cele ne pourra \u00eatre tenu responsable de tout dommage, perte ou blessure r\u00e9sultant de l\u2019utilisation de ce site web ou des informations qui y sont contenues.<\/p>\n<p>En acc\u00e9dant et en utilisant le site web du Centre Hyperbare de l\u2019\u00cele, vous reconnaissez et acceptez les termes de cet avertissement. Si vous n\u2019acceptez pas ces termes, veuillez vous abstenir d\u2019utiliser ce site web.<\/p>\n<p>Veuillez consulter notre <a href=\"https:\/\/centrehyperbare.com\/fr\/confidentialite\/\">Politique de confidentialit\u00e9<\/a> et nos <a href=\"https:\/\/centrehyperbare.com\/fr\/terms\/\">Conditions d\u2019utilisation<\/a> pour obtenir des informations suppl\u00e9mentaires sur l\u2019utilisation de notre site web.[\/vc_column_text][\/vc_column][\/vc_row]\n<\/div>","protected":false},"excerpt":{"rendered":"<p>[vc_row][vc_column][vc_column_text]Avertissement : Les informations pr\u00e9sent\u00e9es sur le site web du Centre Hyperbare de l\u2019\u00cele sont destin\u00e9es \u00e0 des fins \u00e9ducatives uniquement. Elles ne doivent pas \u00eatre consid\u00e9r\u00e9es comme un substitut \u00e0 un avis m\u00e9dical professionnel, \u00e0 un diagnostic ou \u00e0&hellip;<\/p>\n","protected":false},"author":1,"featured_media":0,"parent":1015,"menu_order":21,"comment_status":"closed","ping_status":"closed","template":"","meta":{"footnotes":""},"class_list":["post-1991","page","type-page","status-publish","hentry","entry","no-media"],"yoast_head":"<!-- This site is optimized with the Yoast SEO plugin v27.0 - https:\/\/yoast.com\/product\/yoast-seo-wordpress\/ -->\n<title>Disclaimer\u00a0Statement - Island Hyperbaric Centre<\/title>\n<meta name=\"description\" content=\"Disclaimer\u00a0Statement for Centre Hyperbaric\" \/>\n<meta name=\"robots\" content=\"index, follow, max-snippet:-1, max-image-preview:large, max-video-preview:-1\" \/>\n<link rel=\"canonical\" href=\"https:\/\/centrehyperbare.com\/fr\/notre-clinique\/avertissement\/\" \/>\n<meta property=\"og:locale\" content=\"fr_FR\" \/>\n<meta property=\"og:type\" content=\"article\" \/>\n<meta property=\"og:title\" content=\"Disclaimer\u00a0Statement - Island Hyperbaric Centre\" \/>\n<meta property=\"og:description\" content=\"Disclaimer\u00a0Statement for Centre Hyperbaric\" \/>\n<meta property=\"og:url\" content=\"https:\/\/centrehyperbare.com\/fr\/notre-clinique\/avertissement\/\" \/>\n<meta property=\"og:site_name\" content=\"Island Hyperbaric Center | Centre Hyperbare De L&#039;\u00eele\" \/>\n<meta property=\"article:publisher\" content=\"https:\/\/www.facebook.com\/pages\/Island-Hyperbaric-Center\/177807952262630\" \/>\n<meta property=\"article:modified_time\" content=\"2023-12-05T19:09:04+00:00\" \/>\n<meta name=\"twitter:card\" content=\"summary_large_image\" \/>\n<meta name=\"twitter:site\" content=\"@IslandHBO\" \/>\n<meta name=\"twitter:label1\" content=\"Dur\u00e9e de lecture estim\u00e9e\" \/>\n\t<meta name=\"twitter:data1\" content=\"2 minutes\" \/>\n<script type=\"application\/ld+json\" class=\"yoast-schema-graph\">{\"@context\":\"https:\/\/schema.org\",\"@graph\":[{\"@type\":\"WebPage\",\"@id\":\"https:\/\/centrehyperbare.com\/fr\/notre-clinique\/avertissement\/\",\"url\":\"https:\/\/centrehyperbare.com\/fr\/notre-clinique\/avertissement\/\",\"name\":\"Disclaimer\u00a0Statement - Island Hyperbaric Centre\",\"isPartOf\":{\"@id\":\"https:\/\/centrehyperbare.com\/#website\"},\"datePublished\":\"2023-11-29T17:53:44+00:00\",\"dateModified\":\"2023-12-05T19:09:04+00:00\",\"description\":\"Disclaimer\u00a0Statement for Centre Hyperbaric\",\"breadcrumb\":{\"@id\":\"https:\/\/centrehyperbare.com\/fr\/notre-clinique\/avertissement\/#breadcrumb\"},\"inLanguage\":\"fr-FR\",\"potentialAction\":[{\"@type\":\"ReadAction\",\"target\":[\"https:\/\/centrehyperbare.com\/fr\/notre-clinique\/avertissement\/\"]}]},{\"@type\":\"BreadcrumbList\",\"@id\":\"https:\/\/centrehyperbare.com\/fr\/notre-clinique\/avertissement\/#breadcrumb\",\"itemListElement\":[{\"@type\":\"ListItem\",\"position\":1,\"name\":\"Accueil\",\"item\":\"https:\/\/centrehyperbare.com\/fr\/\"},{\"@type\":\"ListItem\",\"position\":2,\"name\":\"Notre centre\",\"item\":\"https:\/\/centrehyperbare.com\/fr\/notre-clinique\/\"},{\"@type\":\"ListItem\",\"position\":3,\"name\":\"Avertissement\"}]},{\"@type\":\"WebSite\",\"@id\":\"https:\/\/centrehyperbare.com\/#website\",\"url\":\"https:\/\/centrehyperbare.com\/\",\"name\":\"Island Hyperbaric Center | Centre Hyperbare De L&#039;\u00eele\",\"description\":\"Hyperbaric oxygen therapy, HBOT oxygen therapy by Island Hyperbaric Centre\",\"publisher\":{\"@id\":\"https:\/\/centrehyperbare.com\/#organization\"},\"potentialAction\":[{\"@type\":\"SearchAction\",\"target\":{\"@type\":\"EntryPoint\",\"urlTemplate\":\"https:\/\/centrehyperbare.com\/?s={search_term_string}\"},\"query-input\":{\"@type\":\"PropertyValueSpecification\",\"valueRequired\":true,\"valueName\":\"search_term_string\"}}],\"inLanguage\":\"fr-FR\"},{\"@type\":\"Organization\",\"@id\":\"https:\/\/centrehyperbare.com\/#organization\",\"name\":\"Island Hyperbaric Center | Centre Hyperbare De L&#039;\u00eele\",\"url\":\"https:\/\/centrehyperbare.com\/\",\"logo\":{\"@type\":\"ImageObject\",\"inLanguage\":\"fr-FR\",\"@id\":\"https:\/\/centrehyperbare.com\/#\/schema\/logo\/image\/\",\"url\":\"https:\/\/centrehyperbare.com\/wp-content\/uploads\/2023\/11\/hyperbare-logo.png\",\"contentUrl\":\"https:\/\/centrehyperbare.com\/wp-content\/uploads\/2023\/11\/hyperbare-logo.png\",\"width\":179,\"height\":177,\"caption\":\"Island Hyperbaric Center | Centre Hyperbare De L&#039;\u00eele\"},\"image\":{\"@id\":\"https:\/\/centrehyperbare.com\/#\/schema\/logo\/image\/\"},\"sameAs\":[\"https:\/\/www.facebook.com\/pages\/Island-Hyperbaric-Center\/177807952262630\",\"https:\/\/x.com\/IslandHBO\",\"https:\/\/www.linkedin.com\/company\/centre-hyperbare-de-l'ile\",\"https:\/\/www.youtube.com\/user\/CentreHyperbare\"]}]}<\/script>\n<!-- \/ Yoast SEO plugin. -->","yoast_head_json":{"title":"Disclaimer\u00a0Statement - Island Hyperbaric Centre","description":"Disclaimer\u00a0Statement for Centre Hyperbaric","robots":{"index":"index","follow":"follow","max-snippet":"max-snippet:-1","max-image-preview":"max-image-preview:large","max-video-preview":"max-video-preview:-1"},"canonical":"https:\/\/centrehyperbare.com\/fr\/notre-clinique\/avertissement\/","og_locale":"fr_FR","og_type":"article","og_title":"Disclaimer\u00a0Statement - Island Hyperbaric Centre","og_description":"Disclaimer\u00a0Statement for Centre Hyperbaric","og_url":"https:\/\/centrehyperbare.com\/fr\/notre-clinique\/avertissement\/","og_site_name":"Island Hyperbaric Center | Centre Hyperbare De L&#039;\u00eele","article_publisher":"https:\/\/www.facebook.com\/pages\/Island-Hyperbaric-Center\/177807952262630","article_modified_time":"2023-12-05T19:09:04+00:00","twitter_card":"summary_large_image","twitter_site":"@IslandHBO","twitter_misc":{"Dur\u00e9e de lecture estim\u00e9e":"2 minutes"},"schema":{"@context":"https:\/\/schema.org","@graph":[{"@type":"WebPage","@id":"https:\/\/centrehyperbare.com\/fr\/notre-clinique\/avertissement\/","url":"https:\/\/centrehyperbare.com\/fr\/notre-clinique\/avertissement\/","name":"Disclaimer\u00a0Statement - Island Hyperbaric Centre","isPartOf":{"@id":"https:\/\/centrehyperbare.com\/#website"},"datePublished":"2023-11-29T17:53:44+00:00","dateModified":"2023-12-05T19:09:04+00:00","description":"Disclaimer\u00a0Statement for Centre Hyperbaric","breadcrumb":{"@id":"https:\/\/centrehyperbare.com\/fr\/notre-clinique\/avertissement\/#breadcrumb"},"inLanguage":"fr-FR","potentialAction":[{"@type":"ReadAction","target":["https:\/\/centrehyperbare.com\/fr\/notre-clinique\/avertissement\/"]}]},{"@type":"BreadcrumbList","@id":"https:\/\/centrehyperbare.com\/fr\/notre-clinique\/avertissement\/#breadcrumb","itemListElement":[{"@type":"ListItem","position":1,"name":"Accueil","item":"https:\/\/centrehyperbare.com\/fr\/"},{"@type":"ListItem","position":2,"name":"Notre centre","item":"https:\/\/centrehyperbare.com\/fr\/notre-clinique\/"},{"@type":"ListItem","position":3,"name":"Avertissement"}]},{"@type":"WebSite","@id":"https:\/\/centrehyperbare.com\/#website","url":"https:\/\/centrehyperbare.com\/","name":"Island Hyperbaric Center | Centre Hyperbare De L&#039;\u00eele","description":"Hyperbaric oxygen therapy, HBOT oxygen therapy by Island Hyperbaric Centre","publisher":{"@id":"https:\/\/centrehyperbare.com\/#organization"},"potentialAction":[{"@type":"SearchAction","target":{"@type":"EntryPoint","urlTemplate":"https:\/\/centrehyperbare.com\/?s={search_term_string}"},"query-input":{"@type":"PropertyValueSpecification","valueRequired":true,"valueName":"search_term_string"}}],"inLanguage":"fr-FR"},{"@type":"Organization","@id":"https:\/\/centrehyperbare.com\/#organization","name":"Island Hyperbaric Center | Centre Hyperbare De L&#039;\u00eele","url":"https:\/\/centrehyperbare.com\/","logo":{"@type":"ImageObject","inLanguage":"fr-FR","@id":"https:\/\/centrehyperbare.com\/#\/schema\/logo\/image\/","url":"https:\/\/centrehyperbare.com\/wp-content\/uploads\/2023\/11\/hyperbare-logo.png","contentUrl":"https:\/\/centrehyperbare.com\/wp-content\/uploads\/2023\/11\/hyperbare-logo.png","width":179,"height":177,"caption":"Island Hyperbaric Center | Centre Hyperbare De L&#039;\u00eele"},"image":{"@id":"https:\/\/centrehyperbare.com\/#\/schema\/logo\/image\/"},"sameAs":["https:\/\/www.facebook.com\/pages\/Island-Hyperbaric-Center\/177807952262630","https:\/\/x.com\/IslandHBO","https:\/\/www.linkedin.com\/company\/centre-hyperbare-de-l'ile","https:\/\/www.youtube.com\/user\/CentreHyperbare"]}]}},"_links":{"self":[{"href":"https:\/\/centrehyperbare.com\/fr\/wp-json\/wp\/v2\/pages\/1991","targetHints":{"allow":["GET"]}}],"collection":[{"href":"https:\/\/centrehyperbare.com\/fr\/wp-json\/wp\/v2\/pages"}],"about":[{"href":"https:\/\/centrehyperbare.com\/fr\/wp-json\/wp\/v2\/types\/page"}],"author":[{"embeddable":true,"href":"https:\/\/centrehyperbare.com\/fr\/wp-json\/wp\/v2\/users\/1"}],"replies":[{"embeddable":true,"href":"https:\/\/centrehyperbare.com\/fr\/wp-json\/wp\/v2\/comments?post=1991"}],"version-history":[{"count":0,"href":"https:\/\/centrehyperbare.com\/fr\/wp-json\/wp\/v2\/pages\/1991\/revisions"}],"up":[{"embeddable":true,"href":"https:\/\/centrehyperbare.com\/fr\/wp-json\/wp\/v2\/pages\/1015"}],"wp:attachment":[{"href":"https:\/\/centrehyperbare.com\/fr\/wp-json\/wp\/v2\/media?parent=1991"}],"curies":[{"name":"wp","href":"https:\/\/api.w.org\/{rel}","templated":true}]}}