{"id":1049,"date":"2017-08-17T12:21:29","date_gmt":"2017-08-17T16:21:29","guid":{"rendered":"https:\/\/centrehyperbare.com\/\/fr\/?page_id=1049"},"modified":"2018-12-10T05:43:53","modified_gmt":"2018-12-10T10:43:53","slug":"terms","status":"publish","type":"page","link":"https:\/\/centrehyperbare.com\/fr\/terms\/","title":{"rendered":"Terms et Conditions"},"content":{"rendered":"<div class=\"wpb-content-wrapper\">[vc_row][vc_column]<h1 class=\"vcex-module vcex-heading vcex-heading-plain sp-page-title\"><span class=\"vcex-heading-inner clr\">Terms et Conditions<\/span><\/h1>[vc_column_text]<strong>Politique de protection des donn\u00e9es personnelles<\/strong><\/p>\n<p>Au Centre Hyperbare de L&rsquo;\u00cele votre vie priv\u00e9e est importante pour nous. Nous ne partageons aucune information personnelle vous concernant avec qui que ce soit. Nous ne vendrons ou louerons jamais votre nom, votre adresse de courriel, votre num\u00e9ro de t\u00e9l\u00e9phone ou votre adresse. Nous pouvons recueillir votre adresse d&rsquo;IP et vos habitudes de navigation, lorsque vous visitez notre site internet, mais nous utilisons ces renseignements anonymes pour nous aider \u00e0 diagnostiquer des probl\u00e8mes avec notre serveur et pour nous aider \u00e0 am\u00e9liorer le site internet du Centre Hyperbare de L&rsquo;\u00cele.[\/vc_column_text][\/vc_column][\/vc_row][vc_row][vc_column][vc_column_text]<strong>T\u00e9moignages et photos<\/strong><\/p>\n<p>Si vous consentez de fournir un t\u00e9moignage au Centre Hyperbare de l&rsquo;\u00cele, vous pouvez choisir de vous identifier compl\u00e8tement, ou simplement d&rsquo;utiliser votre pr\u00e9nom. Nous ne r\u00e9v\u00e9lerons pas votre identit\u00e9 compl\u00e8te \u00e0 aucune organisation ou individu.<\/p>\n<p>Vous pouvez demander d&rsquo;enlever votre t\u00e9moignage en tout temps en nous envoyant une demande \u00e9crite, sp\u00e9cifiant vos raisons, \u00e0 <a href=\"mailto:info@centrehyper2.wpengine.com\">info@centrehyper2.wpengine.com<\/a><\/p>\n<p>Si vous permettez au Centre Hyperbare de l&rsquo;\u00cele d&rsquo;utiliser votre photo sur le site Internet, vous serez inform\u00e9s chaque fois que votre photo sera utilis\u00e9e.[\/vc_column_text][\/vc_column][\/vc_row]\n<\/div>","protected":false},"excerpt":{"rendered":"<p>[vc_row][vc_column][vc_column_text]Politique de protection des donn\u00e9es personnelles Au Centre Hyperbare de L&rsquo;\u00cele votre vie priv\u00e9e est importante pour nous. Nous ne partageons aucune information personnelle vous concernant avec qui que ce soit. Nous ne vendrons ou louerons jamais votre nom, votre&hellip;<\/p>\n","protected":false},"author":1,"featured_media":0,"parent":0,"menu_order":11,"comment_status":"closed","ping_status":"closed","template":"","meta":{"footnotes":""},"class_list":["post-1049","page","type-page","status-publish","hentry","entry","no-media"],"yoast_head":"<!-- This site is optimized with the Yoast SEO plugin v27.0 - https:\/\/yoast.com\/product\/yoast-seo-wordpress\/ -->\n<title>Terms et Conditions - Island Hyperbaric Center | Centre Hyperbare De L&#039;\u00eele<\/title>\n<meta name=\"robots\" content=\"index, follow, max-snippet:-1, max-image-preview:large, max-video-preview:-1\" \/>\n<link rel=\"canonical\" href=\"https:\/\/centrehyperbare.com\/fr\/terms\/\" \/>\n<meta property=\"og:locale\" content=\"fr_FR\" \/>\n<meta property=\"og:type\" content=\"article\" \/>\n<meta property=\"og:title\" content=\"Terms et Conditions - Island Hyperbaric Center | Centre Hyperbare De L&#039;\u00eele\" \/>\n<meta property=\"og:description\" content=\"[vc_row][vc_column][vc_column_text]Politique de protection des donn\u00e9es personnelles Au Centre Hyperbare de L&rsquo;\u00cele votre vie priv\u00e9e est importante pour nous. Nous ne partageons aucune information personnelle vous concernant avec qui que ce soit. Nous ne vendrons ou louerons jamais votre nom, votre&hellip;\" \/>\n<meta property=\"og:url\" content=\"https:\/\/centrehyperbare.com\/fr\/terms\/\" \/>\n<meta property=\"og:site_name\" content=\"Island Hyperbaric Center | Centre Hyperbare De L&#039;\u00eele\" \/>\n<meta property=\"article:publisher\" content=\"https:\/\/www.facebook.com\/pages\/Island-Hyperbaric-Center\/177807952262630\" \/>\n<meta property=\"article:modified_time\" content=\"2018-12-10T10:43:53+00:00\" \/>\n<meta name=\"twitter:card\" content=\"summary_large_image\" \/>\n<meta name=\"twitter:site\" content=\"@IslandHBO\" \/>\n<meta name=\"twitter:label1\" content=\"Dur\u00e9e de lecture estim\u00e9e\" \/>\n\t<meta name=\"twitter:data1\" content=\"1 minute\" \/>\n<script type=\"application\/ld+json\" class=\"yoast-schema-graph\">{\"@context\":\"https:\/\/schema.org\",\"@graph\":[{\"@type\":\"WebPage\",\"@id\":\"https:\/\/centrehyperbare.com\/fr\/terms\/\",\"url\":\"https:\/\/centrehyperbare.com\/fr\/terms\/\",\"name\":\"Terms et Conditions - Island Hyperbaric Center | Centre Hyperbare De L&#039;\u00eele\",\"isPartOf\":{\"@id\":\"https:\/\/centrehyperbare.com\/#website\"},\"datePublished\":\"2017-08-17T16:21:29+00:00\",\"dateModified\":\"2018-12-10T10:43:53+00:00\",\"breadcrumb\":{\"@id\":\"https:\/\/centrehyperbare.com\/fr\/terms\/#breadcrumb\"},\"inLanguage\":\"fr-FR\",\"potentialAction\":[{\"@type\":\"ReadAction\",\"target\":[\"https:\/\/centrehyperbare.com\/fr\/terms\/\"]}]},{\"@type\":\"BreadcrumbList\",\"@id\":\"https:\/\/centrehyperbare.com\/fr\/terms\/#breadcrumb\",\"itemListElement\":[{\"@type\":\"ListItem\",\"position\":1,\"name\":\"Accueil\",\"item\":\"https:\/\/centrehyperbare.com\/fr\/\"},{\"@type\":\"ListItem\",\"position\":2,\"name\":\"Terms et Conditions\"}]},{\"@type\":\"WebSite\",\"@id\":\"https:\/\/centrehyperbare.com\/#website\",\"url\":\"https:\/\/centrehyperbare.com\/\",\"name\":\"Island Hyperbaric Center | Centre Hyperbare De L&#039;\u00eele\",\"description\":\"Hyperbaric oxygen therapy, HBOT oxygen therapy by Island Hyperbaric Centre\",\"publisher\":{\"@id\":\"https:\/\/centrehyperbare.com\/#organization\"},\"potentialAction\":[{\"@type\":\"SearchAction\",\"target\":{\"@type\":\"EntryPoint\",\"urlTemplate\":\"https:\/\/centrehyperbare.com\/?s={search_term_string}\"},\"query-input\":{\"@type\":\"PropertyValueSpecification\",\"valueRequired\":true,\"valueName\":\"search_term_string\"}}],\"inLanguage\":\"fr-FR\"},{\"@type\":\"Organization\",\"@id\":\"https:\/\/centrehyperbare.com\/#organization\",\"name\":\"Island Hyperbaric Center | Centre Hyperbare De L&#039;\u00eele\",\"url\":\"https:\/\/centrehyperbare.com\/\",\"logo\":{\"@type\":\"ImageObject\",\"inLanguage\":\"fr-FR\",\"@id\":\"https:\/\/centrehyperbare.com\/#\/schema\/logo\/image\/\",\"url\":\"https:\/\/centrehyperbare.com\/wp-content\/uploads\/2023\/11\/hyperbare-logo.png\",\"contentUrl\":\"https:\/\/centrehyperbare.com\/wp-content\/uploads\/2023\/11\/hyperbare-logo.png\",\"width\":179,\"height\":177,\"caption\":\"Island Hyperbaric Center | Centre Hyperbare De L&#039;\u00eele\"},\"image\":{\"@id\":\"https:\/\/centrehyperbare.com\/#\/schema\/logo\/image\/\"},\"sameAs\":[\"https:\/\/www.facebook.com\/pages\/Island-Hyperbaric-Center\/177807952262630\",\"https:\/\/x.com\/IslandHBO\",\"https:\/\/www.linkedin.com\/company\/centre-hyperbare-de-l'ile\",\"https:\/\/www.youtube.com\/user\/CentreHyperbare\"]}]}<\/script>\n<!-- \/ Yoast SEO plugin. -->","yoast_head_json":{"title":"Terms et Conditions - Island Hyperbaric Center | Centre Hyperbare De L&#039;\u00eele","robots":{"index":"index","follow":"follow","max-snippet":"max-snippet:-1","max-image-preview":"max-image-preview:large","max-video-preview":"max-video-preview:-1"},"canonical":"https:\/\/centrehyperbare.com\/fr\/terms\/","og_locale":"fr_FR","og_type":"article","og_title":"Terms et Conditions - Island Hyperbaric Center | Centre Hyperbare De L&#039;\u00eele","og_description":"[vc_row][vc_column][vc_column_text]Politique de protection des donn\u00e9es personnelles Au Centre Hyperbare de L&rsquo;\u00cele votre vie priv\u00e9e est importante pour nous. Nous ne partageons aucune information personnelle vous concernant avec qui que ce soit. Nous ne vendrons ou louerons jamais votre nom, votre&hellip;","og_url":"https:\/\/centrehyperbare.com\/fr\/terms\/","og_site_name":"Island Hyperbaric Center | Centre Hyperbare De L&#039;\u00eele","article_publisher":"https:\/\/www.facebook.com\/pages\/Island-Hyperbaric-Center\/177807952262630","article_modified_time":"2018-12-10T10:43:53+00:00","twitter_card":"summary_large_image","twitter_site":"@IslandHBO","twitter_misc":{"Dur\u00e9e de lecture estim\u00e9e":"1 minute"},"schema":{"@context":"https:\/\/schema.org","@graph":[{"@type":"WebPage","@id":"https:\/\/centrehyperbare.com\/fr\/terms\/","url":"https:\/\/centrehyperbare.com\/fr\/terms\/","name":"Terms et Conditions - Island Hyperbaric Center | Centre Hyperbare De L&#039;\u00eele","isPartOf":{"@id":"https:\/\/centrehyperbare.com\/#website"},"datePublished":"2017-08-17T16:21:29+00:00","dateModified":"2018-12-10T10:43:53+00:00","breadcrumb":{"@id":"https:\/\/centrehyperbare.com\/fr\/terms\/#breadcrumb"},"inLanguage":"fr-FR","potentialAction":[{"@type":"ReadAction","target":["https:\/\/centrehyperbare.com\/fr\/terms\/"]}]},{"@type":"BreadcrumbList","@id":"https:\/\/centrehyperbare.com\/fr\/terms\/#breadcrumb","itemListElement":[{"@type":"ListItem","position":1,"name":"Accueil","item":"https:\/\/centrehyperbare.com\/fr\/"},{"@type":"ListItem","position":2,"name":"Terms et Conditions"}]},{"@type":"WebSite","@id":"https:\/\/centrehyperbare.com\/#website","url":"https:\/\/centrehyperbare.com\/","name":"Island Hyperbaric Center | Centre Hyperbare De L&#039;\u00eele","description":"Hyperbaric oxygen therapy, HBOT oxygen therapy by Island Hyperbaric Centre","publisher":{"@id":"https:\/\/centrehyperbare.com\/#organization"},"potentialAction":[{"@type":"SearchAction","target":{"@type":"EntryPoint","urlTemplate":"https:\/\/centrehyperbare.com\/?s={search_term_string}"},"query-input":{"@type":"PropertyValueSpecification","valueRequired":true,"valueName":"search_term_string"}}],"inLanguage":"fr-FR"},{"@type":"Organization","@id":"https:\/\/centrehyperbare.com\/#organization","name":"Island Hyperbaric Center | Centre Hyperbare De L&#039;\u00eele","url":"https:\/\/centrehyperbare.com\/","logo":{"@type":"ImageObject","inLanguage":"fr-FR","@id":"https:\/\/centrehyperbare.com\/#\/schema\/logo\/image\/","url":"https:\/\/centrehyperbare.com\/wp-content\/uploads\/2023\/11\/hyperbare-logo.png","contentUrl":"https:\/\/centrehyperbare.com\/wp-content\/uploads\/2023\/11\/hyperbare-logo.png","width":179,"height":177,"caption":"Island Hyperbaric Center | Centre Hyperbare De L&#039;\u00eele"},"image":{"@id":"https:\/\/centrehyperbare.com\/#\/schema\/logo\/image\/"},"sameAs":["https:\/\/www.facebook.com\/pages\/Island-Hyperbaric-Center\/177807952262630","https:\/\/x.com\/IslandHBO","https:\/\/www.linkedin.com\/company\/centre-hyperbare-de-l'ile","https:\/\/www.youtube.com\/user\/CentreHyperbare"]}]}},"_links":{"self":[{"href":"https:\/\/centrehyperbare.com\/fr\/wp-json\/wp\/v2\/pages\/1049","targetHints":{"allow":["GET"]}}],"collection":[{"href":"https:\/\/centrehyperbare.com\/fr\/wp-json\/wp\/v2\/pages"}],"about":[{"href":"https:\/\/centrehyperbare.com\/fr\/wp-json\/wp\/v2\/types\/page"}],"author":[{"embeddable":true,"href":"https:\/\/centrehyperbare.com\/fr\/wp-json\/wp\/v2\/users\/1"}],"replies":[{"embeddable":true,"href":"https:\/\/centrehyperbare.com\/fr\/wp-json\/wp\/v2\/comments?post=1049"}],"version-history":[{"count":0,"href":"https:\/\/centrehyperbare.com\/fr\/wp-json\/wp\/v2\/pages\/1049\/revisions"}],"wp:attachment":[{"href":"https:\/\/centrehyperbare.com\/fr\/wp-json\/wp\/v2\/media?parent=1049"}],"curies":[{"name":"wp","href":"https:\/\/api.w.org\/{rel}","templated":true}]}}