{"id":1031,"date":"2017-08-17T11:57:09","date_gmt":"2017-08-17T15:57:09","guid":{"rendered":"https:\/\/centrehyperbare.com\/\/fr\/?page_id=1031"},"modified":"2023-12-01T18:12:25","modified_gmt":"2023-12-01T23:12:25","slug":"faqs","status":"publish","type":"page","link":"https:\/\/centrehyperbare.com\/fr\/faqs\/","title":{"rendered":"FAQs"},"content":{"rendered":"<div class=\"wpb-content-wrapper\">[vc_row][vc_column]<h1 class=\"vcex-module vcex-heading vcex-heading-plain sp-page-title\"><span class=\"vcex-heading-inner clr\">FAQs<\/span><\/h1>[vc_empty_space height=\u00a0\u00bb25px\u00a0\u00bb][vc_toggle title=\u00a0\u00bbQu&rsquo;est-ce qu&rsquo;est la th\u00e9rapie de l&rsquo;Oxyg\u00e9noth\u00e9rapie Hyperbare ?\u00a0\u00bb el_id=\u00a0\u00bb1486135990134-dd6a6b34-ef1a\u00a0\u00bb]L&rsquo;Oxyg\u00e9noth\u00e9rapie Hyperbare (OHB) est une intervention th\u00e9rapeutique qui am\u00e9liore le processus de gu\u00e9rison naturelle du corps par l&rsquo;inhalation de 100% d&rsquo;oxyg\u00e8ne, par l&rsquo;interm\u00e9diaire d&rsquo;un masque ou d&rsquo;un capuchon tandis qu&rsquo;il est \u00e0 l&rsquo;int\u00e9rieur d&rsquo;une chambre pressuris\u00e9e, o\u00f9 la pression atmosph\u00e9rique est augment\u00e9e et contr\u00f4l\u00e9e. Cette th\u00e9rapie est utilis\u00e9e pour une large vari\u00e9t\u00e9 de soins habituellement comme une partie d&rsquo;un plan de soin complet.<\/p>\n<p>Normalement, l&rsquo;oxyg\u00e8ne est presque exclusivement transport\u00e9 dans le corps par les globules rouges. Avec l&rsquo;OHB l&rsquo;oxyg\u00e8ne est dissous dans les liquides de l&rsquo;organisme, le plasma, les liquides du syst\u00e8me nerveux central, la lymphe et les os et peut \u00eatre transport\u00e9e dans les r\u00e9gions o\u00f9 la circulation est diminu\u00e9e ou bloqu\u00e9e. De cette fa\u00e7on, l&rsquo;oxyg\u00e8ne suppl\u00e9mentaire peut atteindre tous les tissus endommag\u00e9s et l&rsquo;organisme peut soutenir sa propre gu\u00e9rison. L&rsquo;augmentation de l&rsquo;oxyg\u00e8ne am\u00e9liore \u00e9norm\u00e9ment la capacit\u00e9 des globules blancs pour d\u00e9truire les bact\u00e9ries, r\u00e9duire l&rsquo;inflammation et permettre la croissance plus rapide de nouveaux vaisseaux sanguins de grandir dans les secteurs affect\u00e9s. C&rsquo;est un soin simple, non-envahissant et sans douleur.[\/vc_toggle][vc_toggle title=\u00a0\u00bbQuels sont les avantages de l&rsquo;OHB?\u00a0\u00bb el_id=\u00a0\u00bb1486136652049-e7bd2a5b-44f7&Prime;]Il est connu depuis longtemps que la gu\u00e9rison de nombreuses r\u00e9gions du corps ne peut avoir lieu sans les niveaux d&rsquo;oxyg\u00e8ne appropri\u00e9s dans les tissus. La plupart des maladies et blessures se produisent et s&rsquo;attardent souvent, au niveau cellulaire ou tissulaire. Dans de nombreux cas, tels que: probl\u00e8mes circulatoires; la non gu\u00e9rison de plaies et accidents vasculaires c\u00e9r\u00e9braux, l&rsquo;oxyg\u00e8ne ad\u00e9quat ne peut atteindre la r\u00e9gion endommag\u00e9e et la capacit\u00e9 de gu\u00e9rison naturelle du corps est incapable de fonctionner correctement. L&rsquo;oxyg\u00e9noth\u00e9rapie hyperbare offre ce suppl\u00e9ment d&rsquo;oxyg\u00e8ne naturel qui est capable d&rsquo;atteindre les tissus loin de la circulation existante et avec des effets secondaires minimaux.<\/p>\n<p>L&rsquo;oxyg\u00e9noth\u00e9rapie hyperbare am\u00e9liore la qualit\u00e9 de vie des patients dans de nombreux domaines o\u00f9 la m\u00e9decine traditionnelle ne fonctionne pas. De nombreuses conditions telles qu&rsquo;un accident vasculaire c\u00e9r\u00e9bral AVC, la paralysie c\u00e9r\u00e9brale, le traumatisme cr\u00e2nien et la fatigue chronique ont r\u00e9pondu favorablement \u00e0 l&rsquo;OHB.[\/vc_toggle][vc_toggle title=\u00a0\u00bbQuelles conditions sont cibl\u00e9es par l&rsquo;OHB ?\u00a0\u00bb el_id=\u00a0\u00bb1486136651425-3687a6ce-23ee\u00a0\u00bb]L&rsquo;oxyg\u00e8ne hyperbare est utilis\u00e9 pour soulager toutes conditions qui b\u00e9n\u00e9ficient d&rsquo;une disponibilit\u00e9 accrue d&rsquo;oxyg\u00e8ne tissulaire, ainsi que les infections o\u00f9 il peut \u00eatre utilis\u00e9 pour ses propri\u00e9t\u00e9s antibiotiques, soit comme soin principal ou en conjonction avec d&rsquo;autres m\u00e9dicaments.<\/p>\n<p>Le minist\u00e8re de la Sant\u00e9 provincial et les assurances consid\u00e8rent que les conditions suivantes cibl\u00e9es par l&rsquo;OHB sont couvertes pour paiement :<\/p>\n<ul>\n<li>Embolie A\u00e9rienne ou Gazeuse<\/li>\n<li>Intoxication au monoxyde de carbone (inhalation de fum\u00e9e)<\/li>\n<li>Syndrome du Compartiment \/L\u00e9sions par \u00e9crasement\/Autre Isch\u00e9mies Traumatique<\/li>\n<li>Accident de d\u00e9compression<\/li>\n<li>Plaie r\u00e9fractaire plaie diab\u00e9tique<\/li>\n<li>Perte de sang exceptionnelle (An\u00e9mie)<\/li>\n<li>Gangr\u00e8ne gazeuse;<\/li>\n<li>Abc\u00e8s intracr\u00e2nien.<\/li>\n<li>Fasciite n\u00e9crosante (infection \u00e0 la bact\u00e9rie mangeuse de chair)<\/li>\n<li>L\u00e9sions par irradiation des tissues et Ost\u00e9oradion\u00e9crose<\/li>\n<li>Ost\u00e9omy\u00e9lite r\u00e9fractaire (infection de l&rsquo;os par des bact\u00e9ries)<\/li>\n<li>Probl\u00e8me de greffe de peau et de tissus<\/li>\n<li>Br\u00fblures Thermiques<\/li>\n<\/ul>\n<p>Les conditions suivantes sont hors d&rsquo;\u00e9tiquette qui peut ou ne peut pas \u00eatre couvert par l&rsquo;assurance ou par le r\u00e9gime de l&rsquo;Assurance Maladie:<\/p>\n<ul>\n<li>Autisme<\/li>\n<li>Paralysie c\u00e9r\u00e9brale<\/li>\n<li>Plaies chroniques\/Plaies diab\u00e9tiques<\/li>\n<li>Migraine<\/li>\n<li>Scl\u00e9rose en Plaques<\/li>\n<li>Quasi &#8211; Noyade<\/li>\n<li>R\u00e9cup\u00e9ration de chirurgie esth\u00e9tique<\/li>\n<li>Blessures sportives<\/li>\n<li>AVC (accident vasculaire c\u00e9r\u00e9bral)<\/li>\n<li>Traumatisme c\u00e9r\u00e9bral<\/li>\n<\/ul>\n[\/vc_toggle][vc_toggle title=\u00a0\u00bbY a-t-il diff\u00e9rents types de chambres pressuris\u00e9es ?\u00a0\u00bb el_id=\u00a0\u00bb1486136650889-341796d8-146d\u00a0\u00bb]Il existe essentiellement deux types de chambres: <strong>monoplace et multiplace.<\/strong><\/p>\n<p>Les chambres <strong>monoplaces <\/strong>sont con\u00e7ues pour recevoir une personne seule pressuris\u00e9e avec l&rsquo;oxyg\u00e8ne \u00e0 100 %.<\/p>\n<p>Les chambres <strong>multiplace <\/strong>sont con\u00e7ues pour accommoder plusieurs personnes \u00e0 la fois et l&rsquo;oxyg\u00e8ne est livr\u00e9 via un masque ou capuchon.<\/p>\n<p><center><img decoding=\"async\" src=\"\/wp-content\/uploads\/2017\/02\/image-monomulti.jpg\" alt=\"chambers\" \/><\/center><br \/>\nLe Centre Hyperbare de L&rsquo;Ile est \u00e9quip\u00e9 d&rsquo;une <strong>chambre hyperbare multiplace Perry Sigma II.<\/strong> Cette chambre extr\u00eamement polyvalente permet de vous fournir des soins d\u00e9vou\u00e9s, par des techniciens hautement form\u00e9s, durant l&rsquo;observation des patients. Un syst\u00e8me d&rsquo;interphone permet la communication entre le technicien et le patient dans la chambre hyperbare.<\/p>\n<p><center><img decoding=\"async\" src=\"\/wp-content\/uploads\/2017\/02\/image-mobile.jpg\" alt=\"mobile-chambers\" \/><\/center>[\/vc_toggle][vc_toggle title=\u00a0\u00bbComment les patients doivent-ils se pr\u00e9parer pour la sc\u00e9ance ?\u00a0\u00bb el_id=\u00a0\u00bb1486136650393-39ff8ba2-3b2b\u00a0\u00bb]Seuls les v\u00eatements en coton propre sont permis dans la chambre. Aucun produit cosm\u00e9tique, parfums, produits capillaires fixatif \u00e0 cheveux, gel, mousse, d\u00e9odorants, perruques ou bijoux ne sont permis dans la chambre. Le technicien a besoin de savoir quels m\u00e9dicaments, y compris les m\u00e9dicaments disponibles sans ordonnance, sont pris par le patient, et nous conseillons aux patients de ne pas consommer de boissons alcoolis\u00e9es ou de boissons gazeuses au moins 4 heures avant la sc\u00e9ance. Il est fortement recommand\u00e9 de cesser de fumer et de renoncer \u00e0 tout autre produit de tabac durant la p\u00e9riode de soins car la fum\u00e9e diminue la capacit\u00e9 du corps \u00e0 transporter l&rsquo;oxyg\u00e8ne.[\/vc_toggle][vc_toggle title=\u00a0\u00bbComment est administr\u00e9 l&rsquo;OHB ?\u00a0\u00bb el_id=\u00a0\u00bb1486136649937-79218b3c-29e5&Prime;]L&rsquo;Oxyg\u00e9noth\u00e9rapie Hyperbare (OHB) est administr\u00e9e dans notre centre priv\u00e9 ultramoderne, dans une chambre multiplace en acrylique clair. Cela permet \u00e0 nos techniciens de surveiller le patient de pr\u00e8s, et permet au patient de voir \u00e0 l&rsquo;ext\u00e9rieur de la chambre. Les patients sont dans la vue constante du technicien et peuvent communiquer avec lui via un syst\u00e8me d&rsquo;interphone, il peut regarder un film, \u00e9couter de la musique, ou se reposer.[\/vc_toggle][vc_toggle title=\u00a0\u00bbEst-ce que l&rsquo;OHB est s\u00e9curitaire?\u00a0\u00bb el_id=\u00a0\u00bb1486136649425-2006d6c9-d77a\u00a0\u00bb]Les sc\u00e9ances d&rsquo;Oxyg\u00e9noth\u00e9rapie Hyperbare (OHB) sont des interventions th\u00e9rapeutiques qui sont prises apr\u00e8s un examen d&rsquo;un m\u00e9decin. Ces soins sont livr\u00e9s selon des protocoles reconnus. Bien qu&rsquo;il existe des risques mineurs, comme tous soins th\u00e9rapeutiques, l&rsquo;oxyg\u00e9noth\u00e9rapie hyperbare est extr\u00eamement s\u00fbre. Les risques seront discut\u00e9s avec vous avant de signer votre formulaire de consentement pour la th\u00e9rapie.[\/vc_toggle][vc_toggle title=\u00a0\u00bbY a-t-il des effets secondaires ?\u00a0\u00bb el_id=\u00a0\u00bb1503326404043-2a85cc65-61a4&Prime;]L&rsquo;effet n\u00e9faste le plus commun est barotraumatisme aux oreilles et aux sinus caus\u00e9s par le changement dans la pression. Pour r\u00e9duire au minimum ce risque, les patients apprennent des techniques pour aider le d\u00e9gagement ad\u00e9quat des oreilles pendant la compression. La pression dans la chambre sur la compression peut \u00eatre ajust\u00e9e pour faciliter le d\u00e9gagement. Des bouchons d&rsquo;oreilles sp\u00e9cialis\u00e9es peuvent aussi \u00eatre utilis\u00e9s pour r\u00e9duire au minimum les effets de changement de pression. Si ces m\u00e9thodes ne sont pas efficaces des tubes peuvent \u00eatre ins\u00e9r\u00e9s dans les oreilles. Ceci est extr\u00eamement rare. De temps en temps quelques patients ont remarqu\u00e9 des changements dans leur vision pendant leur p\u00e9riode de soins. Ces changements sont mineurs et temporaires. Un effet secondaire rare est la toxicit\u00e9 d&rsquo;oxyg\u00e8ne qui est caus\u00e9e en administrant trop d&rsquo;oxyg\u00e8ne, cependant l&rsquo;utilisation des protocoles dans le soin de blessures neurologiques fait que cette occurrence est peu probable.[\/vc_toggle][vc_toggle title=\u00a0\u00bbQuelles informations le technicien doit-il savoir sur le patient avant la sc\u00e9ance d&rsquo;OHB ?\u00a0\u00bb el_id=\u00a0\u00bb1486136648898-eccb4740-d864&Prime;]\n<ul>\n<li>Si vous avez des sympt\u00f4mes de rhume ou de grippe, fi\u00e8vre, congestion des sinus ou nasal, ou congestion des poumons.<\/li>\n<li>S&rsquo;il y a une possibilit\u00e9 que vous soyez enceinte.<\/li>\n<li>S&rsquo;il y a eu un changement dans n&rsquo;importe quel de vos m\u00e9dicaments.<\/li>\n<li>Si vous avez saut\u00e9 un repas avant votre sc\u00e9ance d&rsquo;OHB.<\/li>\n<li>Si vous \u00eates diab\u00e9tique et n&rsquo;avez pas pris votre insuline avant votre sc\u00e9ance.<\/li>\n<li>Si vous avez des pr\u00e9occupations ou des inqui\u00e9tudes.<\/li>\n<\/ul>\n[\/vc_toggle][vc_toggle title=\u00a0\u00bbComment l&rsquo;oxyg\u00e8ne hyperbare aide-t-il la blessure c\u00e9r\u00e9brale ou l&rsquo;accident vasculaire c\u00e9r\u00e9bral (AVC)?\u00a0\u00bb el_id=\u00a0\u00bb1486136648410-9668dece-9811&Prime;]Lorsque les cellules du cerveau meurent, suite \u00e0 un traumatisme ou un manque d&rsquo;oxyg\u00e8ne, les fuites de plasma sanguin dans les tissus c\u00e9r\u00e9braux provoquant un gonflement et une r\u00e9duction du flux sanguin. Ces cellules habituellement normales deviennent inertes, parce qu&rsquo;elles ne peuvent pas fonctionner sans la quantit\u00e9 appropri\u00e9e d&rsquo;oxyg\u00e8ne. L&rsquo;OHB augmente consid\u00e9rablement l&rsquo;oxyg\u00e8ne transport\u00e9 dans le plasma sanguin, ce qui rend l&rsquo;oxyg\u00e8ne disponible pour gu\u00e9rir les parois capillaires endommag\u00e9es, emp\u00eachant les fuites de plasma et en r\u00e9duisant l&rsquo;enflure. Quand l&rsquo;enflure diminue, le flux sanguin peut \u00eatre r\u00e9tabli aux tissus pour pr\u00e9venir d&rsquo;autres dommages. Lorsque le flux sanguin a \u00e9t\u00e9 endommag\u00e9 pour une p\u00e9riode \u00e9tendue, il peut \u00eatre n\u00e9cessaire d&rsquo;\u00e9tablir de nouveaux vaisseaux sanguins dans les tissus inertes (n\u00e9ovascularisation) et dans de nombreux cas une fois que la disponibilit\u00e9 d&rsquo;oxyg\u00e8ne est r\u00e9tablie \u00e0 ces cellules leur potentiel pour fonctionner de nouveau revient.[\/vc_toggle][vc_toggle title=\u00a0\u00bbComment l&rsquo;oxyg\u00e8ne hyperbare aide-t-il un enfant atteint de paralysie c\u00e9r\u00e9brale ou un traumatisme c\u00e9r\u00e9bral ?\u00a0\u00bb el_id=\u00a0\u00bb1486136647954-01498795-a30f\u00a0\u00bb]Pour les patients souffrant de paralysie c\u00e9r\u00e9brale ou d&rsquo;un traumatisme c\u00e9r\u00e9bral, certains des tissus du cerveau touch\u00e9s peuvent \u00eatre inertes et non-fonctionnant. L&rsquo;OHB peut stimuler ces tissus \u00ab dormants \u00bb et leur permettre de fonctionner plus normalement. Dans les jeunes enfants, la motricit\u00e9 globale, la motricit\u00e9 fine, les fonctions cognitives et la spasticit\u00e9 peuvent \u00eatre am\u00e9lior\u00e9s.<\/p>\n<p>L&rsquo;oxyg\u00e9noth\u00e9rapie hyperbare, utilis\u00e9e en conjonction avec d&rsquo;autres th\u00e9rapies, assure le meilleur r\u00e9tablissement possible pour les enfants atteints de paralysie c\u00e9r\u00e9brale et de l\u00e9sions c\u00e9r\u00e9brales traumatiques. Dans un article publi\u00e9 en l&rsquo;an 2007 par le docteur Pierre Marois, MD, physiatre en p\u00e9diatrie de l&rsquo;h\u00f4pital Ste Justine \u00e0 Montr\u00e9al, le docteur Marois a compar\u00e9 l&rsquo;efficacit\u00e9 de l&rsquo;oxyg\u00e9noth\u00e9rapie hyperbare avec d&rsquo;autres inventions th\u00e9rapeutiques pour la paralysie c\u00e9r\u00e9brale et a constat\u00e9 que l&rsquo;OHB est significativement plus efficace en fournissant une meilleure qualit\u00e9 de vie aux patients atteints de paralysie c\u00e9r\u00e9brale.[\/vc_toggle][vc_toggle title=\u00a0\u00bbComment les patients sont-ils r\u00e9f\u00e9r\u00e9s pour la th\u00e9rapie?\u00a0\u00bb el_id=\u00a0\u00bb1486136647446-95800770-dfe3&Prime;]Les patients sont accept\u00e9s soit par une r\u00e9f\u00e9rence personnelle ou par recommandation d&rsquo;un m\u00e9decin. Notre personnel prendra les dispositions pour que vous voyiez un m\u00e9decin avant les sc\u00e9ances. Suite \u00e0 la recommandation du m\u00e9decin, les patients sont \u00e9valu\u00e9s par notre personnel et soign\u00e9s en fonction de leurs besoins sp\u00e9cifiques. Pour planifier une \u00e9valuation, s&rsquo;il vous pla\u00eet appelez-nous au <a href=\"tel:866-677-7978.\">866-677-7978<\/a>.[\/vc_toggle][\/vc_column][\/vc_row]\n<\/div>","protected":false},"excerpt":{"rendered":"<p>[vc_row][vc_column][vc_empty_space height=\u00a0\u00bb25px\u00a0\u00bb][vc_toggle title=\u00a0\u00bbQu&rsquo;est-ce qu&rsquo;est la th\u00e9rapie de l&rsquo;Oxyg\u00e9noth\u00e9rapie Hyperbare ?\u00a0\u00bb el_id=\u00a0\u00bb1486135990134-dd6a6b34-ef1a\u00a0\u00bb]L&rsquo;Oxyg\u00e9noth\u00e9rapie Hyperbare (OHB) est une intervention th\u00e9rapeutique qui am\u00e9liore le processus de gu\u00e9rison naturelle du corps par l&rsquo;inhalation de 100% d&rsquo;oxyg\u00e8ne, par l&rsquo;interm\u00e9diaire d&rsquo;un masque ou d&rsquo;un capuchon tandis qu&rsquo;il&hellip;<\/p>\n","protected":false},"author":1,"featured_media":0,"parent":0,"menu_order":14,"comment_status":"closed","ping_status":"closed","template":"","meta":{"footnotes":""},"class_list":["post-1031","page","type-page","status-publish","hentry","entry","no-media"],"yoast_head":"<!-- This site is optimized with the Yoast SEO plugin v27.0 - https:\/\/yoast.com\/product\/yoast-seo-wordpress\/ -->\n<title>FAQs - Island Hyperbaric Center | Centre Hyperbare De L&#039;\u00eele<\/title>\n<meta name=\"robots\" content=\"index, follow, max-snippet:-1, max-image-preview:large, max-video-preview:-1\" \/>\n<link rel=\"canonical\" href=\"https:\/\/centrehyperbare.com\/faqs\/\" \/>\n<meta property=\"og:locale\" content=\"fr_FR\" \/>\n<meta property=\"og:type\" content=\"article\" \/>\n<meta property=\"og:title\" content=\"FAQs - Island Hyperbaric Center | Centre Hyperbare De L&#039;\u00eele\" \/>\n<meta property=\"og:description\" content=\"[vc_row][vc_column][vc_empty_space height=\u00a0\u00bb25px\u00a0\u00bb][vc_toggle title=\u00a0\u00bbQu&rsquo;est-ce qu&rsquo;est la th\u00e9rapie de l&rsquo;Oxyg\u00e9noth\u00e9rapie Hyperbare ?\u00a0\u00bb el_id=\u00a0\u00bb1486135990134-dd6a6b34-ef1a\u00a0\u00bb]L&rsquo;Oxyg\u00e9noth\u00e9rapie Hyperbare (OHB) est une intervention th\u00e9rapeutique qui am\u00e9liore le processus de gu\u00e9rison naturelle du corps par l&rsquo;inhalation de 100% d&rsquo;oxyg\u00e8ne, par l&rsquo;interm\u00e9diaire d&rsquo;un masque ou d&rsquo;un capuchon tandis qu&rsquo;il&hellip;\" \/>\n<meta property=\"og:url\" content=\"https:\/\/centrehyperbare.com\/faqs\/\" \/>\n<meta property=\"og:site_name\" content=\"Island Hyperbaric Center | Centre Hyperbare De L&#039;\u00eele\" \/>\n<meta property=\"article:publisher\" content=\"https:\/\/www.facebook.com\/pages\/Island-Hyperbaric-Center\/177807952262630\" \/>\n<meta property=\"article:modified_time\" content=\"2023-12-01T23:12:25+00:00\" \/>\n<meta name=\"twitter:card\" content=\"summary_large_image\" \/>\n<meta name=\"twitter:site\" content=\"@IslandHBO\" \/>\n<meta name=\"twitter:label1\" content=\"Dur\u00e9e de lecture estim\u00e9e\" \/>\n\t<meta name=\"twitter:data1\" content=\"9 minutes\" \/>\n<script type=\"application\/ld+json\" class=\"yoast-schema-graph\">{\"@context\":\"https:\/\/schema.org\",\"@graph\":[{\"@type\":\"WebPage\",\"@id\":\"https:\/\/centrehyperbare.com\/faqs\/\",\"url\":\"https:\/\/centrehyperbare.com\/faqs\/\",\"name\":\"FAQs - Island Hyperbaric Center | Centre Hyperbare De L&#039;\u00eele\",\"isPartOf\":{\"@id\":\"https:\/\/centrehyperbare.com\/#website\"},\"datePublished\":\"2017-08-17T15:57:09+00:00\",\"dateModified\":\"2023-12-01T23:12:25+00:00\",\"breadcrumb\":{\"@id\":\"https:\/\/centrehyperbare.com\/faqs\/#breadcrumb\"},\"inLanguage\":\"fr-FR\",\"potentialAction\":[{\"@type\":\"ReadAction\",\"target\":[\"https:\/\/centrehyperbare.com\/faqs\/\"]}]},{\"@type\":\"BreadcrumbList\",\"@id\":\"https:\/\/centrehyperbare.com\/faqs\/#breadcrumb\",\"itemListElement\":[{\"@type\":\"ListItem\",\"position\":1,\"name\":\"Accueil\",\"item\":\"https:\/\/centrehyperbare.com\/fr\/\"},{\"@type\":\"ListItem\",\"position\":2,\"name\":\"FAQs\"}]},{\"@type\":\"WebSite\",\"@id\":\"https:\/\/centrehyperbare.com\/#website\",\"url\":\"https:\/\/centrehyperbare.com\/\",\"name\":\"Island Hyperbaric Center | Centre Hyperbare De L&#039;\u00eele\",\"description\":\"Hyperbaric oxygen therapy, HBOT oxygen therapy by Island Hyperbaric Centre\",\"publisher\":{\"@id\":\"https:\/\/centrehyperbare.com\/#organization\"},\"potentialAction\":[{\"@type\":\"SearchAction\",\"target\":{\"@type\":\"EntryPoint\",\"urlTemplate\":\"https:\/\/centrehyperbare.com\/?s={search_term_string}\"},\"query-input\":{\"@type\":\"PropertyValueSpecification\",\"valueRequired\":true,\"valueName\":\"search_term_string\"}}],\"inLanguage\":\"fr-FR\"},{\"@type\":\"Organization\",\"@id\":\"https:\/\/centrehyperbare.com\/#organization\",\"name\":\"Island Hyperbaric Center | Centre Hyperbare De L&#039;\u00eele\",\"url\":\"https:\/\/centrehyperbare.com\/\",\"logo\":{\"@type\":\"ImageObject\",\"inLanguage\":\"fr-FR\",\"@id\":\"https:\/\/centrehyperbare.com\/#\/schema\/logo\/image\/\",\"url\":\"https:\/\/centrehyperbare.com\/wp-content\/uploads\/2023\/11\/hyperbare-logo.png\",\"contentUrl\":\"https:\/\/centrehyperbare.com\/wp-content\/uploads\/2023\/11\/hyperbare-logo.png\",\"width\":179,\"height\":177,\"caption\":\"Island Hyperbaric Center | Centre Hyperbare De L&#039;\u00eele\"},\"image\":{\"@id\":\"https:\/\/centrehyperbare.com\/#\/schema\/logo\/image\/\"},\"sameAs\":[\"https:\/\/www.facebook.com\/pages\/Island-Hyperbaric-Center\/177807952262630\",\"https:\/\/x.com\/IslandHBO\",\"https:\/\/www.linkedin.com\/company\/centre-hyperbare-de-l'ile\",\"https:\/\/www.youtube.com\/user\/CentreHyperbare\"]}]}<\/script>\n<!-- \/ Yoast SEO plugin. -->","yoast_head_json":{"title":"FAQs - Island Hyperbaric Center | Centre Hyperbare De L&#039;\u00eele","robots":{"index":"index","follow":"follow","max-snippet":"max-snippet:-1","max-image-preview":"max-image-preview:large","max-video-preview":"max-video-preview:-1"},"canonical":"https:\/\/centrehyperbare.com\/faqs\/","og_locale":"fr_FR","og_type":"article","og_title":"FAQs - Island Hyperbaric Center | Centre Hyperbare De L&#039;\u00eele","og_description":"[vc_row][vc_column][vc_empty_space height=\u00a0\u00bb25px\u00a0\u00bb][vc_toggle title=\u00a0\u00bbQu&rsquo;est-ce qu&rsquo;est la th\u00e9rapie de l&rsquo;Oxyg\u00e9noth\u00e9rapie Hyperbare ?\u00a0\u00bb el_id=\u00a0\u00bb1486135990134-dd6a6b34-ef1a\u00a0\u00bb]L&rsquo;Oxyg\u00e9noth\u00e9rapie Hyperbare (OHB) est une intervention th\u00e9rapeutique qui am\u00e9liore le processus de gu\u00e9rison naturelle du corps par l&rsquo;inhalation de 100% d&rsquo;oxyg\u00e8ne, par l&rsquo;interm\u00e9diaire d&rsquo;un masque ou d&rsquo;un capuchon tandis qu&rsquo;il&hellip;","og_url":"https:\/\/centrehyperbare.com\/faqs\/","og_site_name":"Island Hyperbaric Center | Centre Hyperbare De L&#039;\u00eele","article_publisher":"https:\/\/www.facebook.com\/pages\/Island-Hyperbaric-Center\/177807952262630","article_modified_time":"2023-12-01T23:12:25+00:00","twitter_card":"summary_large_image","twitter_site":"@IslandHBO","twitter_misc":{"Dur\u00e9e de lecture estim\u00e9e":"9 minutes"},"schema":{"@context":"https:\/\/schema.org","@graph":[{"@type":"WebPage","@id":"https:\/\/centrehyperbare.com\/faqs\/","url":"https:\/\/centrehyperbare.com\/faqs\/","name":"FAQs - Island Hyperbaric Center | Centre Hyperbare De L&#039;\u00eele","isPartOf":{"@id":"https:\/\/centrehyperbare.com\/#website"},"datePublished":"2017-08-17T15:57:09+00:00","dateModified":"2023-12-01T23:12:25+00:00","breadcrumb":{"@id":"https:\/\/centrehyperbare.com\/faqs\/#breadcrumb"},"inLanguage":"fr-FR","potentialAction":[{"@type":"ReadAction","target":["https:\/\/centrehyperbare.com\/faqs\/"]}]},{"@type":"BreadcrumbList","@id":"https:\/\/centrehyperbare.com\/faqs\/#breadcrumb","itemListElement":[{"@type":"ListItem","position":1,"name":"Accueil","item":"https:\/\/centrehyperbare.com\/fr\/"},{"@type":"ListItem","position":2,"name":"FAQs"}]},{"@type":"WebSite","@id":"https:\/\/centrehyperbare.com\/#website","url":"https:\/\/centrehyperbare.com\/","name":"Island Hyperbaric Center | Centre Hyperbare De L&#039;\u00eele","description":"Hyperbaric oxygen therapy, HBOT oxygen therapy by Island Hyperbaric Centre","publisher":{"@id":"https:\/\/centrehyperbare.com\/#organization"},"potentialAction":[{"@type":"SearchAction","target":{"@type":"EntryPoint","urlTemplate":"https:\/\/centrehyperbare.com\/?s={search_term_string}"},"query-input":{"@type":"PropertyValueSpecification","valueRequired":true,"valueName":"search_term_string"}}],"inLanguage":"fr-FR"},{"@type":"Organization","@id":"https:\/\/centrehyperbare.com\/#organization","name":"Island Hyperbaric Center | Centre Hyperbare De L&#039;\u00eele","url":"https:\/\/centrehyperbare.com\/","logo":{"@type":"ImageObject","inLanguage":"fr-FR","@id":"https:\/\/centrehyperbare.com\/#\/schema\/logo\/image\/","url":"https:\/\/centrehyperbare.com\/wp-content\/uploads\/2023\/11\/hyperbare-logo.png","contentUrl":"https:\/\/centrehyperbare.com\/wp-content\/uploads\/2023\/11\/hyperbare-logo.png","width":179,"height":177,"caption":"Island Hyperbaric Center | Centre Hyperbare De L&#039;\u00eele"},"image":{"@id":"https:\/\/centrehyperbare.com\/#\/schema\/logo\/image\/"},"sameAs":["https:\/\/www.facebook.com\/pages\/Island-Hyperbaric-Center\/177807952262630","https:\/\/x.com\/IslandHBO","https:\/\/www.linkedin.com\/company\/centre-hyperbare-de-l'ile","https:\/\/www.youtube.com\/user\/CentreHyperbare"]}]}},"_links":{"self":[{"href":"https:\/\/centrehyperbare.com\/fr\/wp-json\/wp\/v2\/pages\/1031","targetHints":{"allow":["GET"]}}],"collection":[{"href":"https:\/\/centrehyperbare.com\/fr\/wp-json\/wp\/v2\/pages"}],"about":[{"href":"https:\/\/centrehyperbare.com\/fr\/wp-json\/wp\/v2\/types\/page"}],"author":[{"embeddable":true,"href":"https:\/\/centrehyperbare.com\/fr\/wp-json\/wp\/v2\/users\/1"}],"replies":[{"embeddable":true,"href":"https:\/\/centrehyperbare.com\/fr\/wp-json\/wp\/v2\/comments?post=1031"}],"version-history":[{"count":0,"href":"https:\/\/centrehyperbare.com\/fr\/wp-json\/wp\/v2\/pages\/1031\/revisions"}],"wp:attachment":[{"href":"https:\/\/centrehyperbare.com\/fr\/wp-json\/wp\/v2\/media?parent=1031"}],"curies":[{"name":"wp","href":"https:\/\/api.w.org\/{rel}","templated":true}]}}