{"id":1022,"date":"2017-08-17T11:46:46","date_gmt":"2017-08-17T15:46:46","guid":{"rendered":"https:\/\/centrehyperbare.com\/\/fr\/?page_id=1022"},"modified":"2023-12-01T17:32:22","modified_gmt":"2023-12-01T22:32:22","slug":"comparaison","status":"publish","type":"page","link":"https:\/\/centrehyperbare.com\/fr\/loxygenotherapie-hyperbare\/comparaison\/","title":{"rendered":"Comparaison"},"content":{"rendered":"<div class=\"wpb-content-wrapper\">[vc_row][vc_column]<h1 class=\"vcex-module vcex-heading vcex-heading-plain sp-page-title\"><span class=\"vcex-heading-inner clr\">Comparaison<\/span><\/h1>[vc_column_text]L&rsquo;oxyg\u00e9noth\u00e9rapie hyperbare est une approche cliniquement efficace et th\u00e9rapeutique. Il a \u00e9t\u00e9 utilis\u00e9 dans une vaste gamme de troubles, y compris les blessures sportives, les maladies dermatologiques, neurologiques, cardiovasculaires et auto-immunes qui produisent des r\u00e9sultats impressionnants dans de nombreuses situations difficiles. D&rsquo;abord d\u00e9crite au d\u00e9but des ann\u00e9es 1800, souvent au cours de son d\u00e9veloppement en tant qu&rsquo;offre th\u00e9rapeutique, elle a \u00e9t\u00e9 employ\u00e9e sans une compr\u00e9hension compl\u00e8te, mais toujours, elle a constamment fourni des r\u00e9sultats remarquables.<\/p>\n<p>Un th\u00e8me commun est ressorti depuis que l&rsquo;application et la popularit\u00e9 de cette option de soins se sont d\u00e9velopp\u00e9es. L&rsquo;oxyg\u00e9noth\u00e9rapie hyperbare est efficace pour soigner l&rsquo;hypoxie et l&rsquo;inflammation. L&rsquo;int\u00e9gration r\u00e9ussie de l&rsquo;approche multidisciplinaire pour de nombreuses conditions a d\u00e9montr\u00e9e que cette technique est non seulement efficace mais aussi tr\u00e8s rentable. La volont\u00e9 des professionnels de la sant\u00e9 d&rsquo;\u00e9valuer objectivement cette offre th\u00e9rapeutique au cours des prochaines ann\u00e9es continuera sans aucun doute \u00e0 \u00e9largir le r\u00f4le compl\u00e9mentaire au sein de la m\u00e9decine conventionnelle.<\/p>\n<p>Il y a deux composants d&rsquo;une sc\u00e9ance hyperbare qui se combinent pour le rendre efficace: la pression et l&rsquo;oxyg\u00e8ne. Ind\u00e9pendamment, chacun de ces composants transmet un effet physiologique au corps. Ceci fait partie de la raison pour laquelle il a \u00e9t\u00e9 si difficile de structurer des \u00e9tudes de recherche sur ce sujet.<\/p>\n<p>Au cours des 15 derni\u00e8res ann\u00e9es, deux cat\u00e9gories de chambres hyperbares sont souvent confondues dans les m\u00e9dias sociaux. Un type de chambre est appel\u00e9 portable, \u00e9galement connu sous le nom de chambres \u00e0 parois souples ou flexibles. L&rsquo;autre type de chambre est connu sous le nom de chambres traditionnelles,commun\u00e9ment appel\u00e9es chambres \u00e0 coque dure. Les chambres traditionnelles existent en deux vari\u00e9t\u00e9s: Multi-place et Monoplace. On voit ces types de chambres dans des cliniques, h\u00f4pitaux, et environnements militaires.<\/p>\n<p>Alors que les chambres portables et traditionnelles sont capables d&rsquo;augmenter la pression atmosph\u00e9rique, les chambres \u00e0 parois souples sont limit\u00e9es dans leur application car elles sont g\u00e9n\u00e9ralement limit\u00e9es entre 1\/5 et 1\/4 d&rsquo;une atmosph\u00e8re suppl\u00e9mentaire de pression (ou 3psi).<br \/>\nL&rsquo;\u00e9tiquetage du fabricant sur la chambre \u00e0 parois souples met en garde contre l&rsquo;utilisation de plus de 21% d&rsquo;oxyg\u00e8ne.La plupart des protocoles cliniques exigent l&rsquo;ajout d&rsquo;au moins la moiti\u00e9 d&rsquo;une atmosph\u00e8re suppl\u00e9mentaire (ou 7,5 psi) et plus de 95% d&rsquo;oxyg\u00e8ne.Les chambres hyperbares traditionnelles sont capables de fournir des sc\u00e9ances sur une gamme compl\u00e8te de pression de 7,5 psig \u00e0 29,4 psi pour \u00eatre cliniquement efficaces, en fonction de la condition cibl\u00e9e. Dans les chambres traditionnelles, de l&rsquo;oxyg\u00e8ne \u00e0 100% est utilis\u00e9, ce qui permet une p\u00e9n\u00e9tration plus profonde dans les tissus. La plupart des \u00e9tudes scientifiques sont men\u00e9es dans des chambres traditionnelles \u00e0 des pressions sup\u00e9rieures \u00e0 ce que la chambre de parois souples peut atteindre[\/vc_column_text][\/vc_column][\/vc_row]\n<\/div>","protected":false},"excerpt":{"rendered":"<p>[vc_row][vc_column][vc_column_text]L&rsquo;oxyg\u00e9noth\u00e9rapie hyperbare est une approche cliniquement efficace et th\u00e9rapeutique. Il a \u00e9t\u00e9 utilis\u00e9 dans une vaste gamme de troubles, y compris les blessures sportives, les maladies dermatologiques, neurologiques, cardiovasculaires et auto-immunes qui produisent des r\u00e9sultats impressionnants dans de nombreuses situations&hellip;<\/p>\n","protected":false},"author":1,"featured_media":0,"parent":1020,"menu_order":0,"comment_status":"closed","ping_status":"closed","template":"","meta":{"footnotes":""},"class_list":["post-1022","page","type-page","status-publish","hentry","entry","no-media"],"yoast_head":"<!-- This site is optimized with the Yoast SEO plugin v27.0 - https:\/\/yoast.com\/product\/yoast-seo-wordpress\/ -->\n<title>Comparaison - Island Hyperbaric Center | Centre Hyperbare De L&#039;\u00eele<\/title>\n<meta name=\"robots\" content=\"index, follow, max-snippet:-1, max-image-preview:large, max-video-preview:-1\" \/>\n<link rel=\"canonical\" href=\"https:\/\/centrehyperbare.com\/about-hyperbarics\/hbot-comparison\/\" \/>\n<meta property=\"og:locale\" content=\"fr_FR\" \/>\n<meta property=\"og:type\" content=\"article\" \/>\n<meta property=\"og:title\" content=\"Comparaison - Island Hyperbaric Center | Centre Hyperbare De L&#039;\u00eele\" \/>\n<meta property=\"og:description\" content=\"[vc_row][vc_column][vc_column_text]L&rsquo;oxyg\u00e9noth\u00e9rapie hyperbare est une approche cliniquement efficace et th\u00e9rapeutique. Il a \u00e9t\u00e9 utilis\u00e9 dans une vaste gamme de troubles, y compris les blessures sportives, les maladies dermatologiques, neurologiques, cardiovasculaires et auto-immunes qui produisent des r\u00e9sultats impressionnants dans de nombreuses situations&hellip;\" \/>\n<meta property=\"og:url\" content=\"https:\/\/centrehyperbare.com\/about-hyperbarics\/hbot-comparison\/\" \/>\n<meta property=\"og:site_name\" content=\"Island Hyperbaric Center | Centre Hyperbare De L&#039;\u00eele\" \/>\n<meta property=\"article:publisher\" content=\"https:\/\/www.facebook.com\/pages\/Island-Hyperbaric-Center\/177807952262630\" \/>\n<meta property=\"article:modified_time\" content=\"2023-12-01T22:32:22+00:00\" \/>\n<meta name=\"twitter:card\" content=\"summary_large_image\" \/>\n<meta name=\"twitter:site\" content=\"@IslandHBO\" \/>\n<meta name=\"twitter:label1\" content=\"Dur\u00e9e de lecture estim\u00e9e\" \/>\n\t<meta name=\"twitter:data1\" content=\"3 minutes\" \/>\n<script type=\"application\/ld+json\" class=\"yoast-schema-graph\">{\"@context\":\"https:\/\/schema.org\",\"@graph\":[{\"@type\":\"WebPage\",\"@id\":\"https:\/\/centrehyperbare.com\/about-hyperbarics\/hbot-comparison\/\",\"url\":\"https:\/\/centrehyperbare.com\/about-hyperbarics\/hbot-comparison\/\",\"name\":\"Comparaison - Island Hyperbaric Center | Centre Hyperbare De L&#039;\u00eele\",\"isPartOf\":{\"@id\":\"https:\/\/centrehyperbare.com\/#website\"},\"datePublished\":\"2017-08-17T15:46:46+00:00\",\"dateModified\":\"2023-12-01T22:32:22+00:00\",\"breadcrumb\":{\"@id\":\"https:\/\/centrehyperbare.com\/about-hyperbarics\/hbot-comparison\/#breadcrumb\"},\"inLanguage\":\"fr-FR\",\"potentialAction\":[{\"@type\":\"ReadAction\",\"target\":[\"https:\/\/centrehyperbare.com\/about-hyperbarics\/hbot-comparison\/\"]}]},{\"@type\":\"BreadcrumbList\",\"@id\":\"https:\/\/centrehyperbare.com\/about-hyperbarics\/hbot-comparison\/#breadcrumb\",\"itemListElement\":[{\"@type\":\"ListItem\",\"position\":1,\"name\":\"Accueil\",\"item\":\"https:\/\/centrehyperbare.com\/fr\/\"},{\"@type\":\"ListItem\",\"position\":2,\"name\":\"L\u2019Oxyg\u00e9noth\u00e9rapie hyperbare\",\"item\":\"https:\/\/centrehyperbare.com\/about-hyperbarics\/\"},{\"@type\":\"ListItem\",\"position\":3,\"name\":\"Comparaison\"}]},{\"@type\":\"WebSite\",\"@id\":\"https:\/\/centrehyperbare.com\/#website\",\"url\":\"https:\/\/centrehyperbare.com\/\",\"name\":\"Island Hyperbaric Center | Centre Hyperbare De L&#039;\u00eele\",\"description\":\"Hyperbaric oxygen therapy, HBOT oxygen therapy by Island Hyperbaric Centre\",\"publisher\":{\"@id\":\"https:\/\/centrehyperbare.com\/#organization\"},\"potentialAction\":[{\"@type\":\"SearchAction\",\"target\":{\"@type\":\"EntryPoint\",\"urlTemplate\":\"https:\/\/centrehyperbare.com\/?s={search_term_string}\"},\"query-input\":{\"@type\":\"PropertyValueSpecification\",\"valueRequired\":true,\"valueName\":\"search_term_string\"}}],\"inLanguage\":\"fr-FR\"},{\"@type\":\"Organization\",\"@id\":\"https:\/\/centrehyperbare.com\/#organization\",\"name\":\"Island Hyperbaric Center | Centre Hyperbare De L&#039;\u00eele\",\"url\":\"https:\/\/centrehyperbare.com\/\",\"logo\":{\"@type\":\"ImageObject\",\"inLanguage\":\"fr-FR\",\"@id\":\"https:\/\/centrehyperbare.com\/#\/schema\/logo\/image\/\",\"url\":\"https:\/\/centrehyperbare.com\/wp-content\/uploads\/2023\/11\/hyperbare-logo.png\",\"contentUrl\":\"https:\/\/centrehyperbare.com\/wp-content\/uploads\/2023\/11\/hyperbare-logo.png\",\"width\":179,\"height\":177,\"caption\":\"Island Hyperbaric Center | Centre Hyperbare De L&#039;\u00eele\"},\"image\":{\"@id\":\"https:\/\/centrehyperbare.com\/#\/schema\/logo\/image\/\"},\"sameAs\":[\"https:\/\/www.facebook.com\/pages\/Island-Hyperbaric-Center\/177807952262630\",\"https:\/\/x.com\/IslandHBO\",\"https:\/\/www.linkedin.com\/company\/centre-hyperbare-de-l'ile\",\"https:\/\/www.youtube.com\/user\/CentreHyperbare\"]}]}<\/script>\n<!-- \/ Yoast SEO plugin. -->","yoast_head_json":{"title":"Comparaison - Island Hyperbaric Center | Centre Hyperbare De L&#039;\u00eele","robots":{"index":"index","follow":"follow","max-snippet":"max-snippet:-1","max-image-preview":"max-image-preview:large","max-video-preview":"max-video-preview:-1"},"canonical":"https:\/\/centrehyperbare.com\/about-hyperbarics\/hbot-comparison\/","og_locale":"fr_FR","og_type":"article","og_title":"Comparaison - Island Hyperbaric Center | Centre Hyperbare De L&#039;\u00eele","og_description":"[vc_row][vc_column][vc_column_text]L&rsquo;oxyg\u00e9noth\u00e9rapie hyperbare est une approche cliniquement efficace et th\u00e9rapeutique. Il a \u00e9t\u00e9 utilis\u00e9 dans une vaste gamme de troubles, y compris les blessures sportives, les maladies dermatologiques, neurologiques, cardiovasculaires et auto-immunes qui produisent des r\u00e9sultats impressionnants dans de nombreuses situations&hellip;","og_url":"https:\/\/centrehyperbare.com\/about-hyperbarics\/hbot-comparison\/","og_site_name":"Island Hyperbaric Center | Centre Hyperbare De L&#039;\u00eele","article_publisher":"https:\/\/www.facebook.com\/pages\/Island-Hyperbaric-Center\/177807952262630","article_modified_time":"2023-12-01T22:32:22+00:00","twitter_card":"summary_large_image","twitter_site":"@IslandHBO","twitter_misc":{"Dur\u00e9e de lecture estim\u00e9e":"3 minutes"},"schema":{"@context":"https:\/\/schema.org","@graph":[{"@type":"WebPage","@id":"https:\/\/centrehyperbare.com\/about-hyperbarics\/hbot-comparison\/","url":"https:\/\/centrehyperbare.com\/about-hyperbarics\/hbot-comparison\/","name":"Comparaison - Island Hyperbaric Center | Centre Hyperbare De L&#039;\u00eele","isPartOf":{"@id":"https:\/\/centrehyperbare.com\/#website"},"datePublished":"2017-08-17T15:46:46+00:00","dateModified":"2023-12-01T22:32:22+00:00","breadcrumb":{"@id":"https:\/\/centrehyperbare.com\/about-hyperbarics\/hbot-comparison\/#breadcrumb"},"inLanguage":"fr-FR","potentialAction":[{"@type":"ReadAction","target":["https:\/\/centrehyperbare.com\/about-hyperbarics\/hbot-comparison\/"]}]},{"@type":"BreadcrumbList","@id":"https:\/\/centrehyperbare.com\/about-hyperbarics\/hbot-comparison\/#breadcrumb","itemListElement":[{"@type":"ListItem","position":1,"name":"Accueil","item":"https:\/\/centrehyperbare.com\/fr\/"},{"@type":"ListItem","position":2,"name":"L\u2019Oxyg\u00e9noth\u00e9rapie hyperbare","item":"https:\/\/centrehyperbare.com\/about-hyperbarics\/"},{"@type":"ListItem","position":3,"name":"Comparaison"}]},{"@type":"WebSite","@id":"https:\/\/centrehyperbare.com\/#website","url":"https:\/\/centrehyperbare.com\/","name":"Island Hyperbaric Center | Centre Hyperbare De L&#039;\u00eele","description":"Hyperbaric oxygen therapy, HBOT oxygen therapy by Island Hyperbaric Centre","publisher":{"@id":"https:\/\/centrehyperbare.com\/#organization"},"potentialAction":[{"@type":"SearchAction","target":{"@type":"EntryPoint","urlTemplate":"https:\/\/centrehyperbare.com\/?s={search_term_string}"},"query-input":{"@type":"PropertyValueSpecification","valueRequired":true,"valueName":"search_term_string"}}],"inLanguage":"fr-FR"},{"@type":"Organization","@id":"https:\/\/centrehyperbare.com\/#organization","name":"Island Hyperbaric Center | Centre Hyperbare De L&#039;\u00eele","url":"https:\/\/centrehyperbare.com\/","logo":{"@type":"ImageObject","inLanguage":"fr-FR","@id":"https:\/\/centrehyperbare.com\/#\/schema\/logo\/image\/","url":"https:\/\/centrehyperbare.com\/wp-content\/uploads\/2023\/11\/hyperbare-logo.png","contentUrl":"https:\/\/centrehyperbare.com\/wp-content\/uploads\/2023\/11\/hyperbare-logo.png","width":179,"height":177,"caption":"Island Hyperbaric Center | Centre Hyperbare De L&#039;\u00eele"},"image":{"@id":"https:\/\/centrehyperbare.com\/#\/schema\/logo\/image\/"},"sameAs":["https:\/\/www.facebook.com\/pages\/Island-Hyperbaric-Center\/177807952262630","https:\/\/x.com\/IslandHBO","https:\/\/www.linkedin.com\/company\/centre-hyperbare-de-l'ile","https:\/\/www.youtube.com\/user\/CentreHyperbare"]}]}},"_links":{"self":[{"href":"https:\/\/centrehyperbare.com\/fr\/wp-json\/wp\/v2\/pages\/1022","targetHints":{"allow":["GET"]}}],"collection":[{"href":"https:\/\/centrehyperbare.com\/fr\/wp-json\/wp\/v2\/pages"}],"about":[{"href":"https:\/\/centrehyperbare.com\/fr\/wp-json\/wp\/v2\/types\/page"}],"author":[{"embeddable":true,"href":"https:\/\/centrehyperbare.com\/fr\/wp-json\/wp\/v2\/users\/1"}],"replies":[{"embeddable":true,"href":"https:\/\/centrehyperbare.com\/fr\/wp-json\/wp\/v2\/comments?post=1022"}],"version-history":[{"count":0,"href":"https:\/\/centrehyperbare.com\/fr\/wp-json\/wp\/v2\/pages\/1022\/revisions"}],"up":[{"embeddable":true,"href":"https:\/\/centrehyperbare.com\/fr\/wp-json\/wp\/v2\/pages\/1020"}],"wp:attachment":[{"href":"https:\/\/centrehyperbare.com\/fr\/wp-json\/wp\/v2\/media?parent=1022"}],"curies":[{"name":"wp","href":"https:\/\/api.w.org\/{rel}","templated":true}]}}