{"id":1020,"date":"2017-08-17T11:46:27","date_gmt":"2017-08-17T15:46:27","guid":{"rendered":"https:\/\/centrehyperbare.com\/\/fr\/?page_id=1020"},"modified":"2023-12-01T17:40:44","modified_gmt":"2023-12-01T22:40:44","slug":"loxygenotherapie-hyperbare","status":"publish","type":"page","link":"https:\/\/centrehyperbare.com\/fr\/loxygenotherapie-hyperbare\/","title":{"rendered":"L\u2019Oxyg\u00e9noth\u00e9rapie hyperbare"},"content":{"rendered":"<div class=\"wpb-content-wrapper\">[vc_row][vc_column]<h1 class=\"vcex-module vcex-heading vcex-heading-plain sp-page-title\"><span class=\"vcex-heading-inner clr\">L\u2019Oxyg\u00e9noth\u00e9rapie hyperbare<\/span><\/h1>[vc_column_text]Normalement, l\u2019oxyg\u00e8ne est presque exclusivement port\u00e9 par les globules rouges. Au cours de la th\u00e9rapie OTH, il y a une augmentation substantielle dans la quantit\u00e9 d\u2019oxyg\u00e8ne transport\u00e9e dans tous les liquides organiques, y compris plasma, liquide c\u00e9phalorachidien, lymphe et liquides intracellulaires. Cela permet des niveaux d\u2019oxyg\u00e8ne m\u00eame dans les r\u00e9gions o\u00f9 l\u2019approvisionnement en sang pauvre ou compromis ainsi que dans les zones de l\u00e9sions tissulaires. Augmenter les niveaux d\u2019oxyg\u00e8ne de tissu produit plusieurs importants avantages th\u00e9rapeutiques \u00e0 long terme, y compris la croissance de nouveaux vaisseaux sanguins, capacit\u00e9 accrue des globules blancs pour d\u00e9truire les bact\u00e9ries et \u00e9liminer les toxines, augmentent la croissance des fibroblastes (cellules impliqu\u00e9es dans la cicatrisation des plaies), et augmentation de l&rsquo;activit\u00e9 m\u00e9tabolique des cellules pr\u00e9c\u00e9demment fonctionnant l\u00e9g\u00e8rement, y compris les neurones du cerveau.<\/p>\n<p>Les patients recevant l\u2019oxyg\u00e9noth\u00e9rapie hyperbare entre dans une chambre acrylique transparent de 2 personnes o\u00f9 ils respirent l\u2019oxyg\u00e8ne 100 % livr\u00e9 \u00e0 la chambre en vertu de l\u2019augmentation de la pression atmosph\u00e9rique. Au cours d&rsquo;une sc\u00e9ance qui dure g\u00e9n\u00e9ralement de 1 \u00e0 2 heures, les patients peuvent se d\u00e9tendre, lire, regarder la t\u00e9l\u00e9vision ou dormir pendant qu&rsquo;ils sont soigneusement surveill\u00e9s par des techniciens hautement qualifi\u00e9s avec lesquels ils peuvent communiquer facilement gr\u00e2ce \u00e0 un syst\u00e8me de communication. Les sc\u00e9ances d\u2019oxyg\u00e9noth\u00e9rapie hyperbare sont s\u00fbres et indolores, bien qu\u2019environ 5 % des patients ((g\u00e9n\u00e9ralement ceux qui ont des douleurs aigu\u00ebs qui volent dans un avion) peut avoir un l\u00e9ger inconfort d&rsquo;oreille.[\/vc_column_text][\/vc_column][\/vc_row]\n<\/div>","protected":false},"excerpt":{"rendered":"<p>[vc_row][vc_column][vc_column_text]Normalement, l\u2019oxyg\u00e8ne est presque exclusivement port\u00e9 par les globules rouges. Au cours de la th\u00e9rapie OTH, il y a une augmentation substantielle dans la quantit\u00e9 d\u2019oxyg\u00e8ne transport\u00e9e dans tous les liquides organiques, y compris plasma, liquide c\u00e9phalorachidien, lymphe et liquides&hellip;<\/p>\n","protected":false},"author":1,"featured_media":0,"parent":0,"menu_order":4,"comment_status":"closed","ping_status":"closed","template":"","meta":{"footnotes":""},"class_list":["post-1020","page","type-page","status-publish","hentry","entry","no-media"],"yoast_head":"<!-- This site is optimized with the Yoast SEO plugin v27.0 - https:\/\/yoast.com\/product\/yoast-seo-wordpress\/ -->\n<title>L\u2019Oxyg\u00e9noth\u00e9rapie hyperbare - Centre Hyperbare de l&#039;\u00cele<\/title>\n<meta name=\"description\" content=\"Apprenez plus sur les avantages de l&#039;oxyg\u00e9noth\u00e9rapie hyperbare. Contactez-nous pour plus de renseignement. Appelez nous: (514) 453 - 7978\" \/>\n<meta name=\"robots\" content=\"index, follow, max-snippet:-1, max-image-preview:large, max-video-preview:-1\" \/>\n<link rel=\"canonical\" href=\"https:\/\/centrehyperbare.com\/about-hyperbarics\/\" \/>\n<meta property=\"og:locale\" content=\"fr_FR\" \/>\n<meta property=\"og:type\" content=\"article\" \/>\n<meta property=\"og:title\" content=\"L\u2019Oxyg\u00e9noth\u00e9rapie hyperbare - Centre Hyperbare de l&#039;\u00cele\" \/>\n<meta property=\"og:description\" content=\"Apprenez plus sur les avantages de l&#039;oxyg\u00e9noth\u00e9rapie hyperbare. Contactez-nous pour plus de renseignement. Appelez nous: (514) 453 - 7978\" \/>\n<meta property=\"og:url\" content=\"https:\/\/centrehyperbare.com\/about-hyperbarics\/\" \/>\n<meta property=\"og:site_name\" content=\"Island Hyperbaric Center | Centre Hyperbare De L&#039;\u00eele\" \/>\n<meta property=\"article:publisher\" content=\"https:\/\/www.facebook.com\/pages\/Island-Hyperbaric-Center\/177807952262630\" \/>\n<meta property=\"article:modified_time\" content=\"2023-12-01T22:40:44+00:00\" \/>\n<meta name=\"twitter:card\" content=\"summary_large_image\" \/>\n<meta name=\"twitter:site\" content=\"@IslandHBO\" \/>\n<meta name=\"twitter:label1\" content=\"Dur\u00e9e de lecture estim\u00e9e\" \/>\n\t<meta name=\"twitter:data1\" content=\"2 minutes\" \/>\n<script type=\"application\/ld+json\" class=\"yoast-schema-graph\">{\"@context\":\"https:\/\/schema.org\",\"@graph\":[{\"@type\":\"WebPage\",\"@id\":\"https:\/\/centrehyperbare.com\/about-hyperbarics\/\",\"url\":\"https:\/\/centrehyperbare.com\/about-hyperbarics\/\",\"name\":\"L\u2019Oxyg\u00e9noth\u00e9rapie hyperbare - Centre Hyperbare de l'\u00cele\",\"isPartOf\":{\"@id\":\"https:\/\/centrehyperbare.com\/#website\"},\"datePublished\":\"2017-08-17T15:46:27+00:00\",\"dateModified\":\"2023-12-01T22:40:44+00:00\",\"description\":\"Apprenez plus sur les avantages de l'oxyg\u00e9noth\u00e9rapie hyperbare. Contactez-nous pour plus de renseignement. Appelez nous: (514) 453 - 7978\",\"breadcrumb\":{\"@id\":\"https:\/\/centrehyperbare.com\/about-hyperbarics\/#breadcrumb\"},\"inLanguage\":\"fr-FR\",\"potentialAction\":[{\"@type\":\"ReadAction\",\"target\":[\"https:\/\/centrehyperbare.com\/about-hyperbarics\/\"]}]},{\"@type\":\"BreadcrumbList\",\"@id\":\"https:\/\/centrehyperbare.com\/about-hyperbarics\/#breadcrumb\",\"itemListElement\":[{\"@type\":\"ListItem\",\"position\":1,\"name\":\"Accueil\",\"item\":\"https:\/\/centrehyperbare.com\/fr\/\"},{\"@type\":\"ListItem\",\"position\":2,\"name\":\"L\u2019Oxyg\u00e9noth\u00e9rapie hyperbare\"}]},{\"@type\":\"WebSite\",\"@id\":\"https:\/\/centrehyperbare.com\/#website\",\"url\":\"https:\/\/centrehyperbare.com\/\",\"name\":\"Island Hyperbaric Center | Centre Hyperbare De L&#039;\u00eele\",\"description\":\"Hyperbaric oxygen therapy, HBOT oxygen therapy by Island Hyperbaric Centre\",\"publisher\":{\"@id\":\"https:\/\/centrehyperbare.com\/#organization\"},\"potentialAction\":[{\"@type\":\"SearchAction\",\"target\":{\"@type\":\"EntryPoint\",\"urlTemplate\":\"https:\/\/centrehyperbare.com\/?s={search_term_string}\"},\"query-input\":{\"@type\":\"PropertyValueSpecification\",\"valueRequired\":true,\"valueName\":\"search_term_string\"}}],\"inLanguage\":\"fr-FR\"},{\"@type\":\"Organization\",\"@id\":\"https:\/\/centrehyperbare.com\/#organization\",\"name\":\"Island Hyperbaric Center | Centre Hyperbare De L&#039;\u00eele\",\"url\":\"https:\/\/centrehyperbare.com\/\",\"logo\":{\"@type\":\"ImageObject\",\"inLanguage\":\"fr-FR\",\"@id\":\"https:\/\/centrehyperbare.com\/#\/schema\/logo\/image\/\",\"url\":\"https:\/\/centrehyperbare.com\/wp-content\/uploads\/2023\/11\/hyperbare-logo.png\",\"contentUrl\":\"https:\/\/centrehyperbare.com\/wp-content\/uploads\/2023\/11\/hyperbare-logo.png\",\"width\":179,\"height\":177,\"caption\":\"Island Hyperbaric Center | Centre Hyperbare De L&#039;\u00eele\"},\"image\":{\"@id\":\"https:\/\/centrehyperbare.com\/#\/schema\/logo\/image\/\"},\"sameAs\":[\"https:\/\/www.facebook.com\/pages\/Island-Hyperbaric-Center\/177807952262630\",\"https:\/\/x.com\/IslandHBO\",\"https:\/\/www.linkedin.com\/company\/centre-hyperbare-de-l'ile\",\"https:\/\/www.youtube.com\/user\/CentreHyperbare\"]}]}<\/script>\n<!-- \/ Yoast SEO plugin. -->","yoast_head_json":{"title":"L\u2019Oxyg\u00e9noth\u00e9rapie hyperbare - Centre Hyperbare de l'\u00cele","description":"Apprenez plus sur les avantages de l'oxyg\u00e9noth\u00e9rapie hyperbare. Contactez-nous pour plus de renseignement. Appelez nous: (514) 453 - 7978","robots":{"index":"index","follow":"follow","max-snippet":"max-snippet:-1","max-image-preview":"max-image-preview:large","max-video-preview":"max-video-preview:-1"},"canonical":"https:\/\/centrehyperbare.com\/about-hyperbarics\/","og_locale":"fr_FR","og_type":"article","og_title":"L\u2019Oxyg\u00e9noth\u00e9rapie hyperbare - Centre Hyperbare de l'\u00cele","og_description":"Apprenez plus sur les avantages de l'oxyg\u00e9noth\u00e9rapie hyperbare. Contactez-nous pour plus de renseignement. Appelez nous: (514) 453 - 7978","og_url":"https:\/\/centrehyperbare.com\/about-hyperbarics\/","og_site_name":"Island Hyperbaric Center | Centre Hyperbare De L&#039;\u00eele","article_publisher":"https:\/\/www.facebook.com\/pages\/Island-Hyperbaric-Center\/177807952262630","article_modified_time":"2023-12-01T22:40:44+00:00","twitter_card":"summary_large_image","twitter_site":"@IslandHBO","twitter_misc":{"Dur\u00e9e de lecture estim\u00e9e":"2 minutes"},"schema":{"@context":"https:\/\/schema.org","@graph":[{"@type":"WebPage","@id":"https:\/\/centrehyperbare.com\/about-hyperbarics\/","url":"https:\/\/centrehyperbare.com\/about-hyperbarics\/","name":"L\u2019Oxyg\u00e9noth\u00e9rapie hyperbare - Centre Hyperbare de l'\u00cele","isPartOf":{"@id":"https:\/\/centrehyperbare.com\/#website"},"datePublished":"2017-08-17T15:46:27+00:00","dateModified":"2023-12-01T22:40:44+00:00","description":"Apprenez plus sur les avantages de l'oxyg\u00e9noth\u00e9rapie hyperbare. Contactez-nous pour plus de renseignement. Appelez nous: (514) 453 - 7978","breadcrumb":{"@id":"https:\/\/centrehyperbare.com\/about-hyperbarics\/#breadcrumb"},"inLanguage":"fr-FR","potentialAction":[{"@type":"ReadAction","target":["https:\/\/centrehyperbare.com\/about-hyperbarics\/"]}]},{"@type":"BreadcrumbList","@id":"https:\/\/centrehyperbare.com\/about-hyperbarics\/#breadcrumb","itemListElement":[{"@type":"ListItem","position":1,"name":"Accueil","item":"https:\/\/centrehyperbare.com\/fr\/"},{"@type":"ListItem","position":2,"name":"L\u2019Oxyg\u00e9noth\u00e9rapie hyperbare"}]},{"@type":"WebSite","@id":"https:\/\/centrehyperbare.com\/#website","url":"https:\/\/centrehyperbare.com\/","name":"Island Hyperbaric Center | Centre Hyperbare De L&#039;\u00eele","description":"Hyperbaric oxygen therapy, HBOT oxygen therapy by Island Hyperbaric Centre","publisher":{"@id":"https:\/\/centrehyperbare.com\/#organization"},"potentialAction":[{"@type":"SearchAction","target":{"@type":"EntryPoint","urlTemplate":"https:\/\/centrehyperbare.com\/?s={search_term_string}"},"query-input":{"@type":"PropertyValueSpecification","valueRequired":true,"valueName":"search_term_string"}}],"inLanguage":"fr-FR"},{"@type":"Organization","@id":"https:\/\/centrehyperbare.com\/#organization","name":"Island Hyperbaric Center | Centre Hyperbare De L&#039;\u00eele","url":"https:\/\/centrehyperbare.com\/","logo":{"@type":"ImageObject","inLanguage":"fr-FR","@id":"https:\/\/centrehyperbare.com\/#\/schema\/logo\/image\/","url":"https:\/\/centrehyperbare.com\/wp-content\/uploads\/2023\/11\/hyperbare-logo.png","contentUrl":"https:\/\/centrehyperbare.com\/wp-content\/uploads\/2023\/11\/hyperbare-logo.png","width":179,"height":177,"caption":"Island Hyperbaric Center | Centre Hyperbare De L&#039;\u00eele"},"image":{"@id":"https:\/\/centrehyperbare.com\/#\/schema\/logo\/image\/"},"sameAs":["https:\/\/www.facebook.com\/pages\/Island-Hyperbaric-Center\/177807952262630","https:\/\/x.com\/IslandHBO","https:\/\/www.linkedin.com\/company\/centre-hyperbare-de-l'ile","https:\/\/www.youtube.com\/user\/CentreHyperbare"]}]}},"_links":{"self":[{"href":"https:\/\/centrehyperbare.com\/fr\/wp-json\/wp\/v2\/pages\/1020","targetHints":{"allow":["GET"]}}],"collection":[{"href":"https:\/\/centrehyperbare.com\/fr\/wp-json\/wp\/v2\/pages"}],"about":[{"href":"https:\/\/centrehyperbare.com\/fr\/wp-json\/wp\/v2\/types\/page"}],"author":[{"embeddable":true,"href":"https:\/\/centrehyperbare.com\/fr\/wp-json\/wp\/v2\/users\/1"}],"replies":[{"embeddable":true,"href":"https:\/\/centrehyperbare.com\/fr\/wp-json\/wp\/v2\/comments?post=1020"}],"version-history":[{"count":0,"href":"https:\/\/centrehyperbare.com\/fr\/wp-json\/wp\/v2\/pages\/1020\/revisions"}],"wp:attachment":[{"href":"https:\/\/centrehyperbare.com\/fr\/wp-json\/wp\/v2\/media?parent=1020"}],"curies":[{"name":"wp","href":"https:\/\/api.w.org\/{rel}","templated":true}]}}